{"id":97,"date":"2025-01-08T10:12:36","date_gmt":"2025-01-08T10:12:36","guid":{"rendered":"https:\/\/mexcocinas.com\/?page_id=97"},"modified":"2025-12-15T08:58:47","modified_gmt":"2025-12-15T08:58:47","slug":"cocinas","status":"publish","type":"page","link":"https:\/\/mexcocinas.com\/en\/cocinas\/","title":{"rendered":"Cocinas"},"content":{"rendered":"<div class=\"wp-block-group alignfull has-background-background-color has-background has-global-padding is-layout-constrained wp-container-core-group-is-layout-da604d14 wp-block-group-is-layout-constrained\" style=\"padding-top:0;padding-right:0;padding-bottom:0;padding-left:0\">\n<div class=\"wp-block-columns alignfull is-layout-flex wp-container-core-columns-is-layout-28232c24 wp-block-columns-is-layout-flex\">\n<div class=\"wp-block-column is-vertically-aligned-center is-layout-flow wp-container-core-column-is-layout-8a368f38 wp-block-column-is-layout-flow\">\n<div class=\"wp-block-group alignfull has-global-padding is-content-justification-right is-layout-constrained wp-container-core-group-is-layout-d9e6f03a wp-block-group-is-layout-constrained\" style=\"padding-top:var(--wp--preset--spacing--80);padding-right:var(--wp--preset--spacing--40);padding-bottom:var(--wp--preset--spacing--80);padding-left:var(--wp--preset--spacing--40)\">\n<h1 class=\"wp-block-heading has-text-align-left\">Cocinas de dise\u00f1o<\/h1>\n\n\n\n<p class=\"has-text-align-left\" style=\"margin-top:16px\">En Mex Cocinas, entendemos que la cocina es el coraz\u00f3n del hogar, y por eso nos comprometemos a crear espacios funcionales y est\u00e9ticamente agradables que reflejen tu personalidad. \u00a1D\u00e9janos ayudarte a dise\u00f1ar la cocina de tus sue\u00f1os!<\/p>\n<\/div>\n<\/div>\n\n\n\n<div class=\"wp-block-column is-vertically-aligned-stretch is-layout-flow wp-block-column-is-layout-flow\">\n<div class=\"wp-block-cover is-light\" style=\"border-top-left-radius:1.5rem;padding-top:var(--wp--preset--spacing--60);padding-bottom:var(--wp--preset--spacing--60);min-height:100%;aspect-ratio:unset;\"><span aria-hidden=\"true\" class=\"wp-block-cover__background has-tertiary-background-color has-background-dim\"><\/span><div class=\"wp-block-cover__inner-container has-global-padding is-layout-constrained wp-block-cover-is-layout-constrained\">\n<div class=\"wp-block-group has-global-padding is-layout-constrained wp-block-group-is-layout-constrained\">\n<figure class=\"wp-block-image size-large has-custom-border\"><img loading=\"lazy\" decoding=\"async\" width=\"1024\" height=\"1024\" src=\"https:\/\/mexcocinas.com\/wp-content\/uploads\/2025\/01\/336808478_711362444104205_8895901917058252598_n-1-1024x1024.jpg\" alt=\"\" class=\"wp-image-104\" style=\"border-radius:1.5rem;aspect-ratio:4\/3;object-fit:cover\" srcset=\"https:\/\/mexcocinas.com\/wp-content\/uploads\/2025\/01\/336808478_711362444104205_8895901917058252598_n-1-1024x1024.jpg 1024w, https:\/\/mexcocinas.com\/wp-content\/uploads\/2025\/01\/336808478_711362444104205_8895901917058252598_n-1-300x300.jpg 300w, https:\/\/mexcocinas.com\/wp-content\/uploads\/2025\/01\/336808478_711362444104205_8895901917058252598_n-1-150x150.jpg 150w, https:\/\/mexcocinas.com\/wp-content\/uploads\/2025\/01\/336808478_711362444104205_8895901917058252598_n-1-768x768.jpg 768w, https:\/\/mexcocinas.com\/wp-content\/uploads\/2025\/01\/336808478_711362444104205_8895901917058252598_n-1-600x600.jpg 600w, https:\/\/mexcocinas.com\/wp-content\/uploads\/2025\/01\/336808478_711362444104205_8895901917058252598_n-1-100x100.jpg 100w, https:\/\/mexcocinas.com\/wp-content\/uploads\/2025\/01\/336808478_711362444104205_8895901917058252598_n-1.jpg 1440w\" sizes=\"auto, (max-width: 1024px) 100vw, 1024px\" \/><\/figure>\n<\/div>\n<\/div><\/div>\n<\/div>\n<\/div>\n<\/div>\n\n\n\n<div class=\"wp-block-group alignfull has-background-background-color has-background has-global-padding is-layout-constrained wp-container-core-group-is-layout-fb85e995 wp-block-group-is-layout-constrained\" style=\"margin-top:0;margin-bottom:0;padding-top:var(--wp--preset--spacing--60);padding-right:var(--wp--preset--spacing--30);padding-bottom:var(--wp--preset--spacing--60);padding-left:var(--wp--preset--spacing--30)\">\n<div class=\"wp-block-group alignwide has-global-padding is-content-justification-left is-layout-constrained wp-container-core-group-is-layout-12dd3699 wp-block-group-is-layout-constrained\">\n<h2 class=\"wp-block-heading has-large-font-size\">Tr\u00e1enos tus medidas<\/h2>\n\n\n\n<p style=\"margin-top:16px\">Estamos especializados en la fabricaci\u00f3n y dise\u00f1o de cocinas a medida, ofreciendo un servicio integral que incluye impresionantes dise\u00f1os en 3D. Sabemos que cada hogar es \u00fanico, y por eso trabajamos de la mano contigo para explorar todas las opciones posibles y crear la cocina perfecta que se adapte a tus necesidades y estilo de vida.<\/p>\n\n\n\n<p style=\"margin-top:16px\">Desde la elecci\u00f3n de materiales hasta la distribuci\u00f3n del espacio, nuestro equipo de expertos est\u00e1 aqu\u00ed para guiarte en cada paso del proceso.<\/p>\n<\/div>\n\n\n\n<div class=\"wp-block-group alignwide has-tertiary-background-color has-background is-layout-flex wp-block-group-is-layout-flex\" style=\"border-radius:4px;padding-top:0;padding-right:0;padding-bottom:0;padding-left:0\">\n<div class=\"wp-block-cover is-light wp-container-content-1559d078\" style=\"padding-right:var(--wp--preset--spacing--80);padding-left:var(--wp--preset--spacing--80);min-height:241px;aspect-ratio:unset;\"><img loading=\"lazy\" decoding=\"async\" width=\"1579\" height=\"1536\" class=\"wp-block-cover__image-background wp-image-109\" alt=\"\" src=\"https:\/\/mexcocinas.com\/wp-content\/uploads\/2025\/01\/263038421_4567990189983382_8227008554914494347_n-1.jpg\" data-object-fit=\"cover\" srcset=\"https:\/\/mexcocinas.com\/wp-content\/uploads\/2025\/01\/263038421_4567990189983382_8227008554914494347_n-1.jpg 1579w, https:\/\/mexcocinas.com\/wp-content\/uploads\/2025\/01\/263038421_4567990189983382_8227008554914494347_n-1-300x292.jpg 300w, https:\/\/mexcocinas.com\/wp-content\/uploads\/2025\/01\/263038421_4567990189983382_8227008554914494347_n-1-1024x996.jpg 1024w, https:\/\/mexcocinas.com\/wp-content\/uploads\/2025\/01\/263038421_4567990189983382_8227008554914494347_n-1-768x747.jpg 768w, https:\/\/mexcocinas.com\/wp-content\/uploads\/2025\/01\/263038421_4567990189983382_8227008554914494347_n-1-1536x1494.jpg 1536w, https:\/\/mexcocinas.com\/wp-content\/uploads\/2025\/01\/263038421_4567990189983382_8227008554914494347_n-1-600x584.jpg 600w\" sizes=\"auto, (max-width: 1579px) 100vw, 1579px\" \/><span aria-hidden=\"true\" class=\"wp-block-cover__background has-background-dim-0 has-background-dim\" style=\"background-color:#b8a996\"><\/span><div class=\"wp-block-cover__inner-container has-global-padding is-layout-constrained wp-container-core-cover-is-layout-caa2d89a wp-block-cover-is-layout-constrained\">\n<div style=\"height:200px;width:0px\" aria-hidden=\"true\" class=\"wp-block-spacer\"><\/div>\n<\/div><\/div>\n\n\n\n<h3 class=\"wp-block-heading\" style=\"font-size:clamp(1.119rem, 1.119rem + ((1vw - 0.2rem) * 1.052), 1.75rem);line-height:1.5\">Cocina con isla<\/h3>\n\n\n\n<div class=\"wp-block-group has-global-padding is-layout-constrained wp-block-group-is-layout-constrained\">\n<details class=\"wp-block-details is-layout-flow wp-block-details-is-layout-flow\"><summary>Funcional, moderna y social<\/summary>\n<p><\/p>\n<\/details>\n<\/div>\n\n\n\n<p><\/p>\n<\/div>\n\n\n\n<div class=\"wp-block-group alignwide has-tertiary-background-color has-background is-layout-flex wp-block-group-is-layout-flex\" style=\"border-radius:4px;padding-top:0;padding-right:0;padding-bottom:0;padding-left:0\">\n<div class=\"wp-block-cover wp-container-content-1559d078\" style=\"padding-right:var(--wp--preset--spacing--80);padding-left:var(--wp--preset--spacing--80);min-height:100%;aspect-ratio:unset;\"><img loading=\"lazy\" decoding=\"async\" width=\"576\" height=\"768\" class=\"wp-block-cover__image-background wp-image-113\" alt=\"\" src=\"https:\/\/mexcocinas.com\/wp-content\/uploads\/2025\/01\/449789656_7812697855512583_7095210146266664919_n.jpg\" data-object-fit=\"cover\" srcset=\"https:\/\/mexcocinas.com\/wp-content\/uploads\/2025\/01\/449789656_7812697855512583_7095210146266664919_n.jpg 576w, https:\/\/mexcocinas.com\/wp-content\/uploads\/2025\/01\/449789656_7812697855512583_7095210146266664919_n-225x300.jpg 225w\" sizes=\"auto, (max-width: 576px) 100vw, 576px\" \/><span aria-hidden=\"true\" class=\"wp-block-cover__background has-background-dim-0 has-background-dim\" style=\"background-color:#7e7177\"><\/span><div class=\"wp-block-cover__inner-container has-global-padding is-layout-constrained wp-container-core-cover-is-layout-caa2d89a wp-block-cover-is-layout-constrained\">\n<div style=\"height:200px;width:0px\" aria-hidden=\"true\" class=\"wp-block-spacer\"><\/div>\n<\/div><\/div>\n\n\n\n<div class=\"wp-block-group has-global-padding is-layout-constrained wp-block-group-is-layout-constrained\" style=\"padding-top:var(--wp--preset--spacing--40);padding-bottom:var(--wp--preset--spacing--40)\">\n<h3 class=\"wp-block-heading\" style=\"font-size:clamp(1.119rem, 1.119rem + ((1vw - 0.2rem) * 1.052), 1.75rem);line-height:1.5\">Cocina en L <\/h3>\n<\/div>\n\n\n\n<details class=\"wp-block-details is-layout-flow wp-block-details-is-layout-flow\"><summary>Eficiente, acogedora y pr\u00e1ctica<\/summary>\n<p class=\"has-small-font-size\" style=\"margin-top:12px\"><\/p>\n<\/details>\n<\/div>\n\n\n\n<div class=\"wp-block-group alignwide has-tertiary-background-color has-background is-layout-flex wp-block-group-is-layout-flex\" style=\"border-radius:4px;padding-top:0;padding-right:0;padding-bottom:0;padding-left:0\">\n<div class=\"wp-block-cover is-light wp-container-content-1559d078\" style=\"padding-right:var(--wp--preset--spacing--80);padding-left:var(--wp--preset--spacing--80);min-height:100%;aspect-ratio:unset;\"><img loading=\"lazy\" decoding=\"async\" width=\"960\" height=\"723\" class=\"wp-block-cover__image-background wp-image-115\" alt=\"\" src=\"https:\/\/mexcocinas.com\/wp-content\/uploads\/2025\/01\/398116332_6797585077023871_2177486491360653543_n.jpg\" data-object-fit=\"cover\" srcset=\"https:\/\/mexcocinas.com\/wp-content\/uploads\/2025\/01\/398116332_6797585077023871_2177486491360653543_n.jpg 960w, https:\/\/mexcocinas.com\/wp-content\/uploads\/2025\/01\/398116332_6797585077023871_2177486491360653543_n-300x226.jpg 300w, https:\/\/mexcocinas.com\/wp-content\/uploads\/2025\/01\/398116332_6797585077023871_2177486491360653543_n-768x578.jpg 768w, https:\/\/mexcocinas.com\/wp-content\/uploads\/2025\/01\/398116332_6797585077023871_2177486491360653543_n-600x452.jpg 600w\" sizes=\"auto, (max-width: 960px) 100vw, 960px\" \/><span aria-hidden=\"true\" class=\"wp-block-cover__background has-background-dim-0 has-background-dim\" style=\"background-color:#9b9895\"><\/span><div class=\"wp-block-cover__inner-container has-global-padding is-layout-constrained wp-container-core-cover-is-layout-caa2d89a wp-block-cover-is-layout-constrained\">\n<div style=\"height:200px;width:0px\" aria-hidden=\"true\" class=\"wp-block-spacer\"><\/div>\n<\/div><\/div>\n\n\n\n<div class=\"wp-block-group has-global-padding is-layout-constrained wp-block-group-is-layout-constrained\" style=\"padding-top:var(--wp--preset--spacing--40);padding-bottom:var(--wp--preset--spacing--40)\">\n<h3 class=\"wp-block-heading\" style=\"font-size:clamp(1.119rem, 1.119rem + ((1vw - 0.2rem) * 1.052), 1.75rem);line-height:1.5\">Cocina lineal<\/h3>\n<\/div>\n\n\n\n<details class=\"wp-block-details is-layout-flow wp-block-details-is-layout-flow\"><summary>Compacta, funcional y moderna.<\/summary>\n<p class=\"has-text-align-left has-small-font-size\" style=\"margin-top:3px;font-style:normal;font-weight:600;text-transform:none\"><\/p>\n<\/details>\n<\/div>\n\n\n\n<div class=\"wp-block-group alignwide has-tertiary-background-color has-background is-layout-flex wp-block-group-is-layout-flex\" style=\"border-radius:4px;padding-top:0;padding-right:0;padding-bottom:0;padding-left:0\">\n<div class=\"wp-block-cover is-light wp-container-content-1559d078\" style=\"padding-right:var(--wp--preset--spacing--80);padding-left:var(--wp--preset--spacing--80);min-height:100%;aspect-ratio:unset;\"><img loading=\"lazy\" decoding=\"async\" width=\"1080\" height=\"1080\" class=\"wp-block-cover__image-background wp-image-116\" alt=\"\" src=\"https:\/\/mexcocinas.com\/wp-content\/uploads\/2025\/01\/253144667_4486547681460967_3872812909934776704_n-2.jpg\" data-object-fit=\"cover\" srcset=\"https:\/\/mexcocinas.com\/wp-content\/uploads\/2025\/01\/253144667_4486547681460967_3872812909934776704_n-2.jpg 1080w, https:\/\/mexcocinas.com\/wp-content\/uploads\/2025\/01\/253144667_4486547681460967_3872812909934776704_n-2-300x300.jpg 300w, https:\/\/mexcocinas.com\/wp-content\/uploads\/2025\/01\/253144667_4486547681460967_3872812909934776704_n-2-1024x1024.jpg 1024w, https:\/\/mexcocinas.com\/wp-content\/uploads\/2025\/01\/253144667_4486547681460967_3872812909934776704_n-2-150x150.jpg 150w, https:\/\/mexcocinas.com\/wp-content\/uploads\/2025\/01\/253144667_4486547681460967_3872812909934776704_n-2-768x768.jpg 768w, https:\/\/mexcocinas.com\/wp-content\/uploads\/2025\/01\/253144667_4486547681460967_3872812909934776704_n-2-600x600.jpg 600w, https:\/\/mexcocinas.com\/wp-content\/uploads\/2025\/01\/253144667_4486547681460967_3872812909934776704_n-2-100x100.jpg 100w\" sizes=\"auto, (max-width: 1080px) 100vw, 1080px\" \/><span aria-hidden=\"true\" class=\"wp-block-cover__background has-background-dim-0 has-background-dim\" style=\"background-color:#a7a19f\"><\/span><div class=\"wp-block-cover__inner-container has-global-padding is-layout-constrained wp-container-core-cover-is-layout-caa2d89a wp-block-cover-is-layout-constrained\">\n<div style=\"height:200px;width:0px\" aria-hidden=\"true\" class=\"wp-block-spacer\"><\/div>\n<\/div><\/div>\n\n\n\n<div class=\"wp-block-group has-global-padding is-layout-constrained wp-block-group-is-layout-constrained\" style=\"padding-top:var(--wp--preset--spacing--40);padding-bottom:var(--wp--preset--spacing--40)\">\n<h3 class=\"wp-block-heading\" style=\"font-size:clamp(1.119rem, 1.119rem + ((1vw - 0.2rem) * 1.052), 1.75rem);line-height:1.5\">Cocina con barra<\/h3>\n<\/div>\n\n\n\n<details class=\"wp-block-details is-layout-flow wp-block-details-is-layout-flow\"><summary>Sociable, vers\u00e1til y elegante.<\/summary>\n<p class=\"has-text-align-left has-small-font-size\" style=\"margin-top:3px;font-style:normal;font-weight:600;text-transform:none\"><\/p>\n<\/details>\n<\/div>\n<\/div>\n\n\n\n<div class=\"wp-block-uagb-separator uagb-block-d8ad59b4\"><div class=\"wp-block-uagb-separator__inner\" style=\"--my-background-image:\"><\/div><\/div>\n\n\n\n<figure class=\"wp-block-gallery has-nested-images columns-default is-cropped wp-block-gallery-1 is-layout-flex wp-block-gallery-is-layout-flex\"><\/figure>\n\n\n\n<p><\/p>","protected":false},"excerpt":{"rendered":"<p>Cocinas de dise\u00f1o En Mex Cocinas, entendemos que la cocina es el coraz\u00f3n del hogar, y por eso nos comprometemos a crear espacios funcionales y est\u00e9ticamente agradables que reflejen tu personalidad. \u00a1D\u00e9janos ayudarte a dise\u00f1ar la cocina de tus sue\u00f1os! Tr\u00e1enos tus medidas Estamos especializados en la fabricaci\u00f3n y dise\u00f1o de cocinas a medida, ofreciendo [&hellip;]<\/p>\n","protected":false},"author":1,"featured_media":0,"parent":0,"menu_order":0,"comment_status":"closed","ping_status":"closed","template":"","meta":{"_uag_custom_page_level_css":"","_monsterinsights_skip_tracking":false,"_monsterinsights_sitenote_active":false,"_monsterinsights_sitenote_note":"","_monsterinsights_sitenote_category":0,"footnotes":""},"class_list":["post-97","page","type-page","status-publish","hentry"],"uagb_featured_image_src":{"full":false,"thumbnail":false,"medium":false,"medium_large":false,"large":false,"1536x1536":false,"2048x2048":false,"trp-custom-language-flag":false,"woocommerce_thumbnail":false,"woocommerce_single":false,"woocommerce_gallery_thumbnail":false},"uagb_author_info":{"display_name":"admin","author_link":"https:\/\/mexcocinas.com\/en\/author\/admin\/"},"uagb_comment_info":0,"uagb_excerpt":"Cocinas de dise\u00f1o En Mex Cocinas, entendemos que la cocina es el coraz\u00f3n del hogar, y por eso nos comprometemos a crear espacios funcionales y est\u00e9ticamente agradables que reflejen tu personalidad. \u00a1D\u00e9janos ayudarte a dise\u00f1ar la cocina de tus sue\u00f1os! Tr\u00e1enos tus medidas Estamos especializados en la fabricaci\u00f3n y dise\u00f1o de cocinas a medida, ofreciendo&hellip;","_links":{"self":[{"href":"https:\/\/mexcocinas.com\/en\/wp-json\/wp\/v2\/pages\/97","targetHints":{"allow":["GET"]}}],"collection":[{"href":"https:\/\/mexcocinas.com\/en\/wp-json\/wp\/v2\/pages"}],"about":[{"href":"https:\/\/mexcocinas.com\/en\/wp-json\/wp\/v2\/types\/page"}],"author":[{"embeddable":true,"href":"https:\/\/mexcocinas.com\/en\/wp-json\/wp\/v2\/users\/1"}],"replies":[{"embeddable":true,"href":"https:\/\/mexcocinas.com\/en\/wp-json\/wp\/v2\/comments?post=97"}],"version-history":[{"count":5,"href":"https:\/\/mexcocinas.com\/en\/wp-json\/wp\/v2\/pages\/97\/revisions"}],"predecessor-version":[{"id":239,"href":"https:\/\/mexcocinas.com\/en\/wp-json\/wp\/v2\/pages\/97\/revisions\/239"}],"wp:attachment":[{"href":"https:\/\/mexcocinas.com\/en\/wp-json\/wp\/v2\/media?parent=97"}],"curies":[{"name":"wp","href":"https:\/\/api.w.org\/{rel}","templated":true}]}}