{"id":139,"date":"2025-01-08T10:44:41","date_gmt":"2025-01-08T10:44:41","guid":{"rendered":"https:\/\/mexcocinas.com\/?page_id=139"},"modified":"2025-01-08T11:04:46","modified_gmt":"2025-01-08T11:04:46","slug":"banos","status":"publish","type":"page","link":"https:\/\/mexcocinas.com\/en\/banos\/","title":{"rendered":"Ba\u00f1os"},"content":{"rendered":"<div class=\"wp-block-group alignfull has-background-background-color has-background has-global-padding is-layout-constrained wp-container-core-group-is-layout-ab92b0a4 wp-block-group-is-layout-constrained\" style=\"margin-top:0;margin-bottom:0;padding-top:var(--wp--preset--spacing--30);padding-right:var(--wp--preset--spacing--30);padding-bottom:var(--wp--preset--spacing--60);padding-left:var(--wp--preset--spacing--30)\">\n<div class=\"wp-block-columns alignwide are-vertically-aligned-center is-layout-flex wp-container-core-columns-is-layout-fa584acd wp-block-columns-is-layout-flex\">\n<div class=\"wp-block-column is-vertically-aligned-center is-layout-flow wp-block-column-is-layout-flow\" style=\"flex-basis:40%\">\n<div class=\"wp-block-group has-global-padding is-layout-constrained wp-block-group-is-layout-constrained\">\n<h1 class=\"wp-block-heading has-text-align-center\">Muebles de ba\u00f1o a medida<\/h1>\n\n\n\n<p class=\"has-text-align-center\" style=\"margin-top:16px\">Fabricamos muebles de ba\u00f1o a medida, dise\u00f1ados para transformar tu espacio en un oasis de confort y estilo. Sabemos que cada ba\u00f1o es \u00fanico, por eso trabajamos contigo para crear soluciones personalizadas que se adapten a tus necesidades y gustos. Desde elegantes lavabos hasta pr\u00e1cticos armarios, nuestros muebles combinan funcionalidad y dise\u00f1o, utilizando materiales de alta calidad que garantizan durabilidad y belleza. Descubre c\u00f3mo podemos ayudarte a hacer de tu ba\u00f1o un lugar especial y a tu medida. \u00a1Tu satisfacci\u00f3n es nuestra prioridad!<\/p>\n<\/div>\n<\/div>\n\n\n\n<div class=\"wp-block-column is-vertically-aligned-center is-layout-flow wp-block-column-is-layout-flow\" style=\"flex-basis:50%\">\n<figure class=\"wp-block-image size-full has-custom-border size-large\"><img loading=\"lazy\" decoding=\"async\" width=\"675\" height=\"900\" src=\"https:\/\/mexcocinas.com\/wp-content\/uploads\/2025\/01\/IMG-20250108-WA0020.jpg\" alt=\"\" class=\"wp-image-140\" style=\"border-top-left-radius:17rem;border-top-right-radius:22rem;border-bottom-left-radius:22rem;border-bottom-right-radius:17rem;aspect-ratio:1;object-fit:cover\" srcset=\"https:\/\/mexcocinas.com\/wp-content\/uploads\/2025\/01\/IMG-20250108-WA0020.jpg 675w, https:\/\/mexcocinas.com\/wp-content\/uploads\/2025\/01\/IMG-20250108-WA0020-225x300.jpg 225w, https:\/\/mexcocinas.com\/wp-content\/uploads\/2025\/01\/IMG-20250108-WA0020-600x800.jpg 600w\" sizes=\"auto, (max-width: 675px) 100vw, 675px\" \/><\/figure>\n<\/div>\n<\/div>\n<\/div>\n\n\n\n<div class=\"wp-block-group alignfull has-background-background-color has-background has-global-padding is-layout-constrained wp-container-core-group-is-layout-7276a2bb wp-block-group-is-layout-constrained\" style=\"margin-top:0;margin-bottom:0;padding-top:var(--wp--preset--spacing--60);padding-right:var(--wp--preset--spacing--30);padding-bottom:var(--wp--preset--spacing--60);padding-left:var(--wp--preset--spacing--30)\">\n<div class=\"wp-block-group alignwide has-global-padding is-content-justification-left is-layout-constrained wp-container-core-group-is-layout-8b4c372c wp-block-group-is-layout-constrained\">\n<h2 class=\"wp-block-heading has-text-align-left has-large-font-size\">Explora Nuestros Proyectos Recientes<\/h2>\n<\/div>\n\n\n\n<div class=\"wp-block-columns alignwide is-layout-flex wp-container-core-columns-is-layout-e5e9f4b6 wp-block-columns-is-layout-flex\" style=\"margin-top:var(--wp--preset--spacing--50)\">\n<div class=\"wp-block-column is-layout-flow wp-block-column-is-layout-flow\">\n<figure data-wp-context=\"{&quot;imageId&quot;:&quot;69e242139670e&quot;}\" data-wp-interactive=\"core\/image\" data-wp-key=\"69e242139670e\" class=\"wp-block-image size-full wp-lightbox-container\"><img loading=\"lazy\" decoding=\"async\" width=\"576\" height=\"768\" data-wp-class--hide=\"state.isContentHidden\" data-wp-class--show=\"state.isContentVisible\" data-wp-init=\"callbacks.setButtonStyles\" data-wp-on--click=\"actions.showLightbox\" data-wp-on--load=\"callbacks.setButtonStyles\" data-wp-on-window--resize=\"callbacks.setButtonStyles\" src=\"https:\/\/mexcocinas.com\/wp-content\/uploads\/2025\/01\/449584183_7812630308852671_1491163715914234624_n.jpg\" alt=\"\" class=\"wp-image-141\" style=\"aspect-ratio:1;object-fit:cover\" srcset=\"https:\/\/mexcocinas.com\/wp-content\/uploads\/2025\/01\/449584183_7812630308852671_1491163715914234624_n.jpg 576w, https:\/\/mexcocinas.com\/wp-content\/uploads\/2025\/01\/449584183_7812630308852671_1491163715914234624_n-225x300.jpg 225w\" sizes=\"auto, (max-width: 576px) 100vw, 576px\" \/><button\n\t\t\tclass=\"lightbox-trigger\"\n\t\t\ttype=\"button\"\n\t\t\taria-haspopup=\"dialog\"\n\t\t\taria-label=\"Enlarge\"\n\t\t\tdata-wp-init=\"callbacks.initTriggerButton\"\n\t\t\tdata-wp-on--click=\"actions.showLightbox\"\n\t\t\tdata-wp-style--right=\"state.imageButtonRight\"\n\t\t\tdata-wp-style--top=\"state.imageButtonTop\"\n\t\t>\n\t\t\t<svg xmlns=\"http:\/\/www.w3.org\/2000\/svg\" width=\"12\" height=\"12\" fill=\"none\" viewbox=\"0 0 12 12\">\n\t\t\t\t<path fill=\"#fff\" d=\"M2 0a2 2 0 0 0-2 2v2h1.5V2a.5.5 0 0 1 .5-.5h2V0H2Zm2 10.5H2a.5.5 0 0 1-.5-.5V8H0v2a2 2 0 0 0 2 2h2v-1.5ZM8 12v-1.5h2a.5.5 0 0 0 .5-.5V8H12v2a2 2 0 0 1-2 2H8Zm2-12a2 2 0 0 1 2 2v2h-1.5V2a.5.5 0 0 0-.5-.5H8V0h2Z\" \/>\n\t\t\t<\/svg>\n\t\t<\/button><\/figure>\n\n\n\n<h4 class=\"wp-block-heading has-small-font-size\" style=\"margin-top:24px;font-style:normal;font-weight:400\"><\/h4>\n<\/div>\n\n\n\n<div class=\"wp-block-column is-layout-flow wp-block-column-is-layout-flow\">\n<figure data-wp-context=\"{&quot;imageId&quot;:&quot;69e2421396c64&quot;}\" data-wp-interactive=\"core\/image\" data-wp-key=\"69e2421396c64\" class=\"wp-block-image size-large wp-lightbox-container\"><img loading=\"lazy\" decoding=\"async\" width=\"768\" height=\"1024\" data-wp-class--hide=\"state.isContentHidden\" data-wp-class--show=\"state.isContentVisible\" data-wp-init=\"callbacks.setButtonStyles\" data-wp-on--click=\"actions.showLightbox\" data-wp-on--load=\"callbacks.setButtonStyles\" data-wp-on-window--resize=\"callbacks.setButtonStyles\" src=\"https:\/\/mexcocinas.com\/wp-content\/uploads\/2025\/01\/IMG-20250108-WA0024-768x1024.jpg\" alt=\"\" class=\"wp-image-142\" style=\"aspect-ratio:1;object-fit:cover\" srcset=\"https:\/\/mexcocinas.com\/wp-content\/uploads\/2025\/01\/IMG-20250108-WA0024-768x1024.jpg 768w, https:\/\/mexcocinas.com\/wp-content\/uploads\/2025\/01\/IMG-20250108-WA0024-225x300.jpg 225w, https:\/\/mexcocinas.com\/wp-content\/uploads\/2025\/01\/IMG-20250108-WA0024-1152x1536.jpg 1152w, https:\/\/mexcocinas.com\/wp-content\/uploads\/2025\/01\/IMG-20250108-WA0024-600x800.jpg 600w, https:\/\/mexcocinas.com\/wp-content\/uploads\/2025\/01\/IMG-20250108-WA0024.jpg 1200w\" sizes=\"auto, (max-width: 768px) 100vw, 768px\" \/><button\n\t\t\tclass=\"lightbox-trigger\"\n\t\t\ttype=\"button\"\n\t\t\taria-haspopup=\"dialog\"\n\t\t\taria-label=\"Enlarge\"\n\t\t\tdata-wp-init=\"callbacks.initTriggerButton\"\n\t\t\tdata-wp-on--click=\"actions.showLightbox\"\n\t\t\tdata-wp-style--right=\"state.imageButtonRight\"\n\t\t\tdata-wp-style--top=\"state.imageButtonTop\"\n\t\t>\n\t\t\t<svg xmlns=\"http:\/\/www.w3.org\/2000\/svg\" width=\"12\" height=\"12\" fill=\"none\" viewbox=\"0 0 12 12\">\n\t\t\t\t<path fill=\"#fff\" d=\"M2 0a2 2 0 0 0-2 2v2h1.5V2a.5.5 0 0 1 .5-.5h2V0H2Zm2 10.5H2a.5.5 0 0 1-.5-.5V8H0v2a2 2 0 0 0 2 2h2v-1.5ZM8 12v-1.5h2a.5.5 0 0 0 .5-.5V8H12v2a2 2 0 0 1-2 2H8Zm2-12a2 2 0 0 1 2 2v2h-1.5V2a.5.5 0 0 0-.5-.5H8V0h2Z\" \/>\n\t\t\t<\/svg>\n\t\t<\/button><\/figure>\n\n\n\n<h4 class=\"wp-block-heading has-small-font-size\" style=\"margin-top:24px;font-style:normal;font-weight:400\"><\/h4>\n<\/div>\n\n\n\n<div class=\"wp-block-column is-layout-flow wp-block-column-is-layout-flow\">\n<figure data-wp-context=\"{&quot;imageId&quot;:&quot;69e242139710f&quot;}\" data-wp-interactive=\"core\/image\" data-wp-key=\"69e242139710f\" class=\"wp-block-image size-full wp-lightbox-container\"><img loading=\"lazy\" decoding=\"async\" width=\"1000\" height=\"1000\" data-wp-class--hide=\"state.isContentHidden\" data-wp-class--show=\"state.isContentVisible\" data-wp-init=\"callbacks.setButtonStyles\" data-wp-on--click=\"actions.showLightbox\" data-wp-on--load=\"callbacks.setButtonStyles\" data-wp-on-window--resize=\"callbacks.setButtonStyles\" src=\"https:\/\/mexcocinas.com\/wp-content\/uploads\/2025\/01\/Mueble-ELLA-6-cajones-blanco-mate-2.jpg\" alt=\"\" class=\"wp-image-143\" style=\"aspect-ratio:1;object-fit:cover\" srcset=\"https:\/\/mexcocinas.com\/wp-content\/uploads\/2025\/01\/Mueble-ELLA-6-cajones-blanco-mate-2.jpg 1000w, https:\/\/mexcocinas.com\/wp-content\/uploads\/2025\/01\/Mueble-ELLA-6-cajones-blanco-mate-2-300x300.jpg 300w, https:\/\/mexcocinas.com\/wp-content\/uploads\/2025\/01\/Mueble-ELLA-6-cajones-blanco-mate-2-150x150.jpg 150w, https:\/\/mexcocinas.com\/wp-content\/uploads\/2025\/01\/Mueble-ELLA-6-cajones-blanco-mate-2-768x768.jpg 768w, https:\/\/mexcocinas.com\/wp-content\/uploads\/2025\/01\/Mueble-ELLA-6-cajones-blanco-mate-2-600x600.jpg 600w, https:\/\/mexcocinas.com\/wp-content\/uploads\/2025\/01\/Mueble-ELLA-6-cajones-blanco-mate-2-100x100.jpg 100w\" sizes=\"auto, (max-width: 1000px) 100vw, 1000px\" \/><button\n\t\t\tclass=\"lightbox-trigger\"\n\t\t\ttype=\"button\"\n\t\t\taria-haspopup=\"dialog\"\n\t\t\taria-label=\"Enlarge\"\n\t\t\tdata-wp-init=\"callbacks.initTriggerButton\"\n\t\t\tdata-wp-on--click=\"actions.showLightbox\"\n\t\t\tdata-wp-style--right=\"state.imageButtonRight\"\n\t\t\tdata-wp-style--top=\"state.imageButtonTop\"\n\t\t>\n\t\t\t<svg xmlns=\"http:\/\/www.w3.org\/2000\/svg\" width=\"12\" height=\"12\" fill=\"none\" viewbox=\"0 0 12 12\">\n\t\t\t\t<path fill=\"#fff\" d=\"M2 0a2 2 0 0 0-2 2v2h1.5V2a.5.5 0 0 1 .5-.5h2V0H2Zm2 10.5H2a.5.5 0 0 1-.5-.5V8H0v2a2 2 0 0 0 2 2h2v-1.5ZM8 12v-1.5h2a.5.5 0 0 0 .5-.5V8H12v2a2 2 0 0 1-2 2H8Zm2-12a2 2 0 0 1 2 2v2h-1.5V2a.5.5 0 0 0-.5-.5H8V0h2Z\" \/>\n\t\t\t<\/svg>\n\t\t<\/button><\/figure>\n\n\n\n<h4 class=\"wp-block-heading has-small-font-size\" style=\"margin-top:24px;font-style:normal;font-weight:400\"><\/h4>\n<\/div>\n<\/div>\n<\/div>","protected":false},"excerpt":{"rendered":"<p>Muebles de ba\u00f1o a medida Fabricamos muebles de ba\u00f1o a medida, dise\u00f1ados para transformar tu espacio en un oasis de confort y estilo. Sabemos que cada ba\u00f1o es \u00fanico, por eso trabajamos contigo para crear soluciones personalizadas que se adapten a tus necesidades y gustos. Desde elegantes lavabos hasta pr\u00e1cticos armarios, nuestros muebles combinan funcionalidad [&hellip;]<\/p>\n","protected":false},"author":1,"featured_media":0,"parent":0,"menu_order":0,"comment_status":"closed","ping_status":"closed","template":"","meta":{"_uag_custom_page_level_css":"","_monsterinsights_skip_tracking":false,"_monsterinsights_sitenote_active":false,"_monsterinsights_sitenote_note":"","_monsterinsights_sitenote_category":0,"footnotes":""},"class_list":["post-139","page","type-page","status-publish","hentry"],"uagb_featured_image_src":{"full":false,"thumbnail":false,"medium":false,"medium_large":false,"large":false,"1536x1536":false,"2048x2048":false,"trp-custom-language-flag":false,"woocommerce_thumbnail":false,"woocommerce_single":false,"woocommerce_gallery_thumbnail":false},"uagb_author_info":{"display_name":"admin","author_link":"https:\/\/mexcocinas.com\/en\/author\/admin\/"},"uagb_comment_info":0,"uagb_excerpt":"Muebles de ba\u00f1o a medida Fabricamos muebles de ba\u00f1o a medida, dise\u00f1ados para transformar tu espacio en un oasis de confort y estilo. Sabemos que cada ba\u00f1o es \u00fanico, por eso trabajamos contigo para crear soluciones personalizadas que se adapten a tus necesidades y gustos. Desde elegantes lavabos hasta pr\u00e1cticos armarios, nuestros muebles combinan funcionalidad&hellip;","_links":{"self":[{"href":"https:\/\/mexcocinas.com\/en\/wp-json\/wp\/v2\/pages\/139","targetHints":{"allow":["GET"]}}],"collection":[{"href":"https:\/\/mexcocinas.com\/en\/wp-json\/wp\/v2\/pages"}],"about":[{"href":"https:\/\/mexcocinas.com\/en\/wp-json\/wp\/v2\/types\/page"}],"author":[{"embeddable":true,"href":"https:\/\/mexcocinas.com\/en\/wp-json\/wp\/v2\/users\/1"}],"replies":[{"embeddable":true,"href":"https:\/\/mexcocinas.com\/en\/wp-json\/wp\/v2\/comments?post=139"}],"version-history":[{"count":2,"href":"https:\/\/mexcocinas.com\/en\/wp-json\/wp\/v2\/pages\/139\/revisions"}],"predecessor-version":[{"id":155,"href":"https:\/\/mexcocinas.com\/en\/wp-json\/wp\/v2\/pages\/139\/revisions\/155"}],"wp:attachment":[{"href":"https:\/\/mexcocinas.com\/en\/wp-json\/wp\/v2\/media?parent=139"}],"curies":[{"name":"wp","href":"https:\/\/api.w.org\/{rel}","templated":true}]}}